{"id":45,"date":"2023-08-24T22:45:23","date_gmt":"2023-08-24T20:45:23","guid":{"rendered":"https:\/\/dachdeckermeister-eisold.de\/ddm-eisold\/?page_id=45"},"modified":"2026-02-04T19:50:55","modified_gmt":"2026-02-04T18:50:55","slug":"firma","status":"publish","type":"page","link":"https:\/\/dachdeckermeister-eisold.de\/ddm-eisold\/","title":{"rendered":"Dachdeckermeister Martin Eisold"},"content":{"rendered":"\n<h3 class=\"wp-block-heading\">Qualit\u00e4t aus Meisterhand<\/h3>\n\n\n\n<p>Wir sind ein <strong>Dachdeckermeisterbetrieb<\/strong>, traditionsbewusst und mit stetigem Blick in die Zukunft um Ihnen lange Freude bei Ihrem Objekt zu garantieren.<\/p>\n\n\n\n<p>Ob Neubau, Sanierungsma\u00dfnahmen oder Sturmsch\u00e4den, Ihr Dach ist bei uns in guten H\u00e4nden.<\/p>\n\n\n\n<hr class=\"wp-block-separator has-alpha-channel-opacity is-style-wide\"\/>\n\n\n\n<figure class=\"wp-block-image size-large has-custom-border\"><img loading=\"lazy\" decoding=\"async\" width=\"749\" height=\"1024\" src=\"https:\/\/dachdeckermeister-eisold.de\/ddm-eisold\/wp-content\/uploads\/2026\/01\/EFRE_A3_2025_20251216_121313_1765884950-1-749x1024.png\" alt=\"\" class=\"wp-image-221\" style=\"border-style:none;border-width:0px\" srcset=\"https:\/\/dachdeckermeister-eisold.de\/ddm-eisold\/wp-content\/uploads\/2026\/01\/EFRE_A3_2025_20251216_121313_1765884950-1-749x1024.png 749w, https:\/\/dachdeckermeister-eisold.de\/ddm-eisold\/wp-content\/uploads\/2026\/01\/EFRE_A3_2025_20251216_121313_1765884950-1-220x300.png 220w, https:\/\/dachdeckermeister-eisold.de\/ddm-eisold\/wp-content\/uploads\/2026\/01\/EFRE_A3_2025_20251216_121313_1765884950-1-768x1050.png 768w, https:\/\/dachdeckermeister-eisold.de\/ddm-eisold\/wp-content\/uploads\/2026\/01\/EFRE_A3_2025_20251216_121313_1765884950-1-1124x1536.png 1124w, https:\/\/dachdeckermeister-eisold.de\/ddm-eisold\/wp-content\/uploads\/2026\/01\/EFRE_A3_2025_20251216_121313_1765884950-1.png 1200w\" sizes=\"auto, (max-width: 749px) 100vw, 749px\" \/><\/figure>\n\n\n\n<div style=\"height:115px\" aria-hidden=\"true\" class=\"wp-block-spacer\"><\/div>\n","protected":false},"excerpt":{"rendered":"<p>Qualit\u00e4t aus Meisterhand Wir sind ein Dachdeckermeisterbetrieb, traditionsbewusst und mit stetigem Blick in die Zukunft um Ihnen lange Freude bei Ihrem Objekt zu garantieren. Ob Neubau, Sanierungsma\u00dfnahmen oder Sturmsch\u00e4den, Ihr Dach ist bei uns in guten H\u00e4nden.<\/p>\n","protected":false},"author":1,"featured_media":83,"parent":0,"menu_order":0,"comment_status":"closed","ping_status":"closed","template":"","meta":{"ngg_post_thumbnail":0,"footnotes":""},"class_list":["post-45","page","type-page","status-publish","has-post-thumbnail","hentry"],"_links":{"self":[{"href":"https:\/\/dachdeckermeister-eisold.de\/ddm-eisold\/wp-json\/wp\/v2\/pages\/45","targetHints":{"allow":["GET"]}}],"collection":[{"href":"https:\/\/dachdeckermeister-eisold.de\/ddm-eisold\/wp-json\/wp\/v2\/pages"}],"about":[{"href":"https:\/\/dachdeckermeister-eisold.de\/ddm-eisold\/wp-json\/wp\/v2\/types\/page"}],"author":[{"embeddable":true,"href":"https:\/\/dachdeckermeister-eisold.de\/ddm-eisold\/wp-json\/wp\/v2\/users\/1"}],"replies":[{"embeddable":true,"href":"https:\/\/dachdeckermeister-eisold.de\/ddm-eisold\/wp-json\/wp\/v2\/comments?post=45"}],"version-history":[{"count":13,"href":"https:\/\/dachdeckermeister-eisold.de\/ddm-eisold\/wp-json\/wp\/v2\/pages\/45\/revisions"}],"predecessor-version":[{"id":226,"href":"https:\/\/dachdeckermeister-eisold.de\/ddm-eisold\/wp-json\/wp\/v2\/pages\/45\/revisions\/226"}],"wp:featuredmedia":[{"embeddable":true,"href":"https:\/\/dachdeckermeister-eisold.de\/ddm-eisold\/wp-json\/wp\/v2\/media\/83"}],"wp:attachment":[{"href":"https:\/\/dachdeckermeister-eisold.de\/ddm-eisold\/wp-json\/wp\/v2\/media?parent=45"}],"curies":[{"name":"wp","href":"https:\/\/api.w.org\/{rel}","templated":true}]}}